{"id":38,"date":"2020-01-07T20:44:20","date_gmt":"2020-01-07T20:44:20","guid":{"rendered":"https:\/\/dakadv.de\/?page_id=38"},"modified":"2020-01-19T19:34:21","modified_gmt":"2020-01-19T18:34:21","slug":"datenschutzerklaerung","status":"publish","type":"page","link":"https:\/\/dakadv.de\/?page_id=38","title":{"rendered":"Datenschutzerkl\u00e4rung"},"content":{"rendered":"\n<p><strong>Grundlegendes<\/strong><\/p>\n\n\n\n<p>Diese\n Datenschutzerkl\u00e4rung soll die Nutzer dieser Website \u00fcber die Art, den \nUmfang und den Zweck der Erhebung und Verwendung personenbezogener Daten\n durch den Websitebetreiber &#8222;Deutscher Akademikerverband&#8220; informieren.<\/p>\n\n\n\n<p>Der\n Websitebetreiber nimmt Ihren Datenschutz sehr ernst und behandelt Ihre \npersonenbezogenen Daten vertraulich und entsprechend der gesetzlichen \nVorschriften. Da durch neue Technologien und die st\u00e4ndige \nWeiterentwicklung dieser Webseite \u00c4nderungen an dieser \nDatenschutzerkl\u00e4rung vorgenommen werden k\u00f6nnen, empfehlen wir Ihnen sich\n die Datenschutzerkl\u00e4rung in regelm\u00e4\u00dfigen Abst\u00e4nden wieder durchzulesen.<\/p>\n\n\n\n<p>Definitionen der verwendeten Begriffe (z.B. \u201cpersonenbezogene Daten\u201d oder \u201cVerarbeitung\u201d) finden Sie in Art. 4 DSGVO.<\/p>\n\n\n\n<p><strong>Zugriffsdaten<\/strong><\/p>\n\n\n\n<p>Wir,\n der Websitebetreiber bzw. Seitenprovider, erheben aufgrund unseres \nberechtigten Interesses (s. Art. 6 Abs. 1 lit. f. DSGVO) Daten \u00fcber \nZugriffe auf die Website und speichern diese als \u201eServer-Logfiles\u201c auf \ndem Server der Website ab. Folgende Daten werden so protokolliert:<\/p>\n\n\n\n<ul class=\"wp-block-list\"><li>\n\tBesuchte Website\n\t<\/li><li>\n\tUhrzeit zum Zeitpunkt des Zugriffes\n\t<\/li><li>\n\tMenge der gesendeten Daten in Byte\n\t<\/li><li>\n\tQuelle\/Verweis, von welchem Sie auf die Seite gelangten\n\t<\/li><li>\n\tVerwendeter Browser\n\t<\/li><li>\n\tVerwendetes Betriebssystem\n\t<\/li><li>\n\tVerwendete IP-Adresse\n\t<\/li><\/ul>\n\n\n\n<p>Die\n Server-Logfiles werden f\u00fcr maximal 7 Tage gespeichert und anschlie\u00dfend \ngel\u00f6scht. Die Speicherung der Daten erfolgt aus Sicherheitsgr\u00fcnden, um \nz. B. Missbrauchsf\u00e4lle aufkl\u00e4ren zu k\u00f6nnen. M\u00fcssen Daten aus \nBeweisgr\u00fcnden aufgehoben werden, sind sie solange von der L\u00f6schung \nausgenommen bis der Vorfall endg\u00fcltig gekl\u00e4rt ist.<\/p>\n\n\n\n<p><strong>Reichweitenmessung &amp; Cookies<\/strong><\/p>\n\n\n\n<p>Cookies sind Textdateien, die automatisch bei dem Aufruf einer Webseite lokal im Browser des Besuchers abgelegt werden. Diese Website setzt Cookies ein, um das Angebot nutzerfreundlich und funktionaler zu gestalten. Dank dieser Dateien ist es beispielsweise m\u00f6glich, auf individuelle Interessen abgestimmte Informationen auf einer Seite anzuzeigen. Auch Sicherheitsrelevante Funktionen zum Schutz Ihrer Privatsph\u00e4re werden durch den Einsatz von Cookies erm\u00f6glicht. Der ausschlie\u00dfliche Zweck besteht also darin, unser Angebot Ihren Kundenw\u00fcnschen bestm\u00f6glich anzupassen und die Seiten-Nutzung so komfortabel wie m\u00f6glich zu gestalten. Mit Anwendung der DSGVO 2018 sind Webmaster dazu verpflichtet, der unter https:\/\/eu-datenschutz.org\/ ver\u00f6ffentlichten Grundverordnung Folge zu leisten und seine Nutzer entsprechend \u00fcber die Erfassung und Auswertung von Daten in Kenntnis zu setzen. Die Rechtm\u00e4\u00dfigkeit der Verarbeitung ist in Kapitel 2, Artikel 6 der DSGVO begr\u00fcndet.  <\/p>\n\n\n\n<p><strong>Erfassung und Verarbeitung personenbezogener Daten<\/strong><\/p>\n\n\n\n<p>Der\n Websitebetreiber erhebt, nutzt und gibt Ihre personenbezogenen Daten \nnur dann weiter, wenn dies im gesetzlichen Rahmen erlaubt ist oder Sie \nin die Datenerhebung einwilligen.<\/p>\n\n\n\n<p>Als\n personenbezogene Daten gelten s\u00e4mtliche Informationen, welche dazu \ndienen, Ihre Person zu bestimmen und welche zu Ihnen zur\u00fcckverfolgt \nwerden k\u00f6nnen \u2013 also beispielsweise Ihr Name, Ihre E-Mail-Adresse und \nTelefonnummer.<\/p>\n\n\n\n<p>Diese\n Website k\u00f6nnen Sie auch besuchen, ohne Angaben zu Ihrer Person zu \nmachen. Zur Verbesserung unseres Online-Angebotes speichern wir jedoch \n(ohne Personenbezug) Ihre Zugriffsdaten auf diese Website. Zu diesen \nZugriffsdaten geh\u00f6ren z. B. die von Ihnen angeforderte Datei oder der \nName Ihres Internet-Providers. Durch die Anonymisierung der Daten sind \nR\u00fcckschl\u00fcsse auf Ihre Person nicht m\u00f6glich. <\/p>\n\n\n\n<p><strong>Umgang mit Kontaktdaten<\/strong><\/p>\n\n\n\n<p>Nehmen\n Sie mit uns als Websitebetreiber durch die angebotenen \nKontaktm\u00f6glichkeiten Verbindung auf, werden Ihre Angaben gespeichert, \ndamit auf diese zur Bearbeitung und Beantwortung Ihrer Anfrage \nzur\u00fcckgegriffen werden kann. Ohne Ihre Einwilligung werden diese Daten \nnicht an Dritte weitergegeben.<\/p>\n\n\n\n<p><strong>Umgang mit Kommentaren und Beitr\u00e4gen<\/strong><\/p>\n\n\n\n<p>Hinterlassen\n Sie auf dieser Website einen Beitrag oder Kommentar, wird Ihre \nIP-Adresse gespeichert. Dies erfolgt aufgrund unserer berechtigten \nInteressen im Sinne des Art. 6 Abs. 1 lit. f. DSGVO und dient der \nSicherheit von uns als Websitebetreiber: Denn sollte Ihr Kommentar gegen\n geltendes Recht versto\u00dfen, k\u00f6nnen wir daf\u00fcr belangt werden, weshalb wir\n ein Interesse an der Identit\u00e4t des Kommentar- bzw. Beitragsautors \nhaben.<\/p>\n\n\n\n<p><strong>Nutzung von Social-Media-Plugins von Facebook<\/strong><\/p>\n\n\n\n<p>Aufgrund\n unseres berechtigten Interesses an der Analyse, Optimierung und dem \nBetrieb unseres Online-Angebotes (im Sinne des Art. 6 Abs. 1 lit. f. \nDSGVO), verwendet diese Website das Facebook-Social-Plugin, welches von \nder Facebook Inc. (1 Hacker Way, Menlo Park, California 94025, USA) \nbetrieben wird. Erkennbar sind die Einbindungen an dem Facebook-Logo \nbzw. an den Begriffen \u201eLike\u201c, \u201eGef\u00e4llt mir\u201c, \u201eTeilen\u201c in den Farben \nFacebooks (Blau und Wei\u00df). Informationen zu allen Facebook-Plugins \nfinden Sie \u00fcber den folgenden Link: <a href=\"https:\/\/developers.facebook.com\/docs\/plugins\/\">https:\/\/developers.facebook.com\/docs\/plugins\/<\/a><\/p>\n\n\n\n<p>Facebook Inc. h\u00e4lt das europ\u00e4ische Datenschutzrecht ein und ist unter dem Privacy-Shield-Abkommen zertifiziert: <a href=\"https:\/\/www.privacyshield.gov\/participant?id=a2zt0000000GnywAAC&amp;status=Active\">https:\/\/www.privacyshield.gov\/participant?id=a2zt0000000GnywAAC&amp;status=Active<\/a><\/p>\n\n\n\n<p>Das\n Plugin stellt eine direkte Verbindung zwischen Ihrem Browser und den \nFacebook-Servern her. Der Websitebetreiber hat keinerlei Einfluss auf \ndie Natur und den Umfang der Daten, welche das Plugin an die Server der \nFacebook Inc. \u00fcbermittelt. Informationen dazu finden Sie hier: <a href=\"https:\/\/www.facebook.com\/help\/186325668085084\">https:\/\/www.facebook.com\/help\/186325668085084<\/a><\/p>\n\n\n\n<p>Das\n Plugin informiert die Facebook Inc. dar\u00fcber, dass Sie als Nutzer diese \nWebsite besucht haben. Es besteht hierbei die M\u00f6glichkeit, dass Ihre \nIP-Adresse gespeichert wird. Sind Sie w\u00e4hrend des Besuchs auf dieser \nWebsite in Ihrem Facebook-Konto eingeloggt, werden die genannten \nInformationen mit diesem verkn\u00fcpft.<\/p>\n\n\n\n<p>Nutzen\n Sie die Funktionen des Plugins \u2013 etwa indem Sie einen Beitrag teilen \noder \u201eliken\u201c \u2013, werden die entsprechenden Informationen ebenfalls an die\n Facebook Inc. \u00fcbermittelt.<\/p>\n\n\n\n<p>M\u00f6chten\n Sie verhindern, dass die Facebook. Inc. diese Daten mit Ihrem \nFacebook-Konto verkn\u00fcpft, loggen Sie sich bitte vor dem Besuch dieser \nWebsite bei Facebook aus und l\u00f6schen Sie die gespeicherten Cookies. \u00dcber\n Ihr Facebook-Profil k\u00f6nnen Sie weitere Einstellungen zur \nDatenverarbeitung f\u00fcr Werbezwecke t\u00e4tigen oder der Nutzung Ihrer Daten \nf\u00fcr Werbezwecke widersprechen. Zu den Einstellungen gelangen Sie hier: <\/p>\n\n\n\n<ul class=\"wp-block-list\"><li>\n\tProfileinstellungen bei Facebook: <a href=\"https:\/\/www.facebook.com\/ads\/preferences\/?entry_product=ad_settings_screen\">https:\/\/www.facebook.com\/ads\/preferences\/?entry_product=ad_settings_screen<\/a>\n\t<\/li><li>\n\tCookie-Deaktivierungsseite der US-amerikanischen Website: <a href=\"http:\/\/optout.aboutads.info\/?c=2#!\/\">http:\/\/optout.aboutads.info\/?c=2#!\/<\/a>\n\t<\/li><li>\n\tCookie-Deaktivierungsseite der europ\u00e4ischen Website: <a href=\"http:\/\/optout.networkadvertising.org\/?c=1#!\/\">http:\/\/optout.networkadvertising.org\/?c=1#!\/<\/a>\n\t<\/li><\/ul>\n\n\n\n<p>Welche\n Daten, zu welchem Zweck und in welchem Umfang Facebook Daten erhebt, \nnutzt und verarbeitet und welche Rechte sowie Einstellungsm\u00f6glichkeiten \nSie zum Schutz Ihrer Privatsph\u00e4re haben, k\u00f6nnen Sie in den \nDatenschutzrichtlinien von Facebook nachlesen. Diese finden Sie hier: <a href=\"https:\/\/www.facebook.com\/about\/privacy\/\">https:\/\/www.facebook.com\/about\/privacy\/<\/a> <\/p>\n\n\n\n<p><strong>Newsletter-Abonnement<\/strong><\/p>\n\n\n\n<p>Der\n Websitebetreiber bietet Ihnen einen Newsletter an, in welchem er Sie \n\u00fcber aktuelle Geschehnisse und Angebote informiert. M\u00f6chten Sie den \nNewsletter abonnieren, m\u00fcssen Sie eine valide E-Mail-Adresse angeben. \nWenn Sie den Newsletter abonnieren, erkl\u00e4ren Sie sich mit dem \nNewsletter-Empfang und den erl\u00e4uterten Verfahren einverstanden.<\/p>\n\n\n\n<p>Der\n Newsletterversand erfolgt durch den Versanddienstleister XY, einer \nVersandplattform des Anbieters ABC, Beispielstra\u00dfe 5, 12345 \nBeispielstadt, Deutschland. Informationen \u00fcber die \nDatenschutzbestimmungen des Versanddienstleisters erhalten Sie unter: \nbeispiel-XY.de\/datenschutz.<\/p>\n\n\n\n<p>Widerruf\n und K\u00fcndigung: Ihre Einwilligung zum Erhalt des Newsletter k\u00f6nnen Sie \njederzeit widerrufen und somit das Newsletter-Abonnement k\u00fcndigen. Nach \nIhrer K\u00fcndigung erfolgt die L\u00f6schung Ihre personenbezogenen Daten. Ihre \nEinwilligung in den Newsletterversand erlischt gleichzeitig. Am Ende \njedes Newsletters finden Sie den Link zur K\u00fcndigung.<\/p>\n\n\n\n<p><strong>Rechte des Nutzers<\/strong><\/p>\n\n\n\n<p>Sie\n haben als Nutzer das Recht, auf Antrag eine kostenlose Auskunft dar\u00fcber\n zu erhalten, welche personenbezogenen Daten \u00fcber Sie gespeichert \nwurden. Sie haben au\u00dferdem das Recht auf Berichtigung falscher Daten und\n auf die Verarbeitungseinschr\u00e4nkung oder L\u00f6schung Ihrer \npersonenbezogenen Daten. Falls zutreffend, k\u00f6nnen Sie auch Ihr Recht auf\n Datenportabilit\u00e4t geltend machen. Sollten Sie annehmen, dass Ihre Daten\n unrechtm\u00e4\u00dfig verarbeitet wurden, k\u00f6nnen Sie eine Beschwerde bei der \nzust\u00e4ndigen Aufsichtsbeh\u00f6rde einreichen.<\/p>\n\n\n\n<p><strong>L\u00f6schung von Daten<\/strong><\/p>\n\n\n\n<p>Sofern\n Ihr Wunsch nicht mit einer gesetzlichen Pflicht zur Aufbewahrung von \nDaten (z. B. Vorratsdatenspeicherung) kollidiert, haben Sie ein Anrecht \nauf L\u00f6schung Ihrer Daten. Von uns gespeicherte Daten werden, sollten sie\n f\u00fcr ihre Zweckbestimmung nicht mehr vonn\u00f6ten sein und es keine \ngesetzlichen Aufbewahrungsfristen geben, gel\u00f6scht. Falls eine L\u00f6schung \nnicht durchgef\u00fchrt werden kann, da die Daten f\u00fcr zul\u00e4ssige gesetzliche \nZwecke erforderlich sind, erfolgt eine Einschr\u00e4nkung der \nDatenverarbeitung. In diesem Fall werden die Daten gesperrt und nicht \nf\u00fcr andere Zwecke verarbeitet.<\/p>\n\n\n\n<p><strong>Widerspruchsrecht<\/strong><\/p>\n\n\n\n<p>Nutzer\n dieser Webseite k\u00f6nnen von ihrem Widerspruchsrecht Gebrauch machen und \nder Verarbeitung ihrer personenbezogenen Daten zu jeder Zeit \nwidersprechen. <\/p>\n\n\n\n<p>Wenn  Sie eine Berichtigung, Sperrung, L\u00f6schung oder Auskunft \u00fcber die zu  Ihrer Person gespeicherten personenbezogenen Daten w\u00fcnschen oder Fragen  bzgl. der Erhebung, Verarbeitung oder Verwendung Ihrer personenbezogenen  Daten haben oder erteilte Einwilligungen widerrufen m\u00f6chten, kontaktieren Sie uns bitte \u00fcber unser <a href=\"https:\/\/dakadv.de\/?page_id=106\">Kontaktformular<\/a>.<\/p>\n","protected":false},"excerpt":{"rendered":"<p>Grundlegendes Diese Datenschutzerkl\u00e4rung soll die Nutzer dieser Website \u00fcber die Art, den Umfang und den Zweck der Erhebung und Verwendung personenbezogener Daten durch den Websitebetreiber &#8222;Deutscher Akademikerverband&#8220; informieren. Der Websitebetreiber nimmt Ihren Datenschutz sehr ernst und behandelt Ihre personenbezogenen Daten vertraulich und entsprechend der gesetzlichen Vorschriften. Da durch neue Technologien und die st\u00e4ndige Weiterentwicklung dieser&hellip;&nbsp;<a href=\"https:\/\/dakadv.de\/?page_id=38\" rel=\"bookmark\">Weiterlesen &raquo;<span class=\"screen-reader-text\">Datenschutzerkl\u00e4rung<\/span><\/a><\/p>\n","protected":false},"author":1,"featured_media":0,"parent":0,"menu_order":0,"comment_status":"closed","ping_status":"closed","template":"","meta":{"neve_meta_sidebar":"","neve_meta_container":"","neve_meta_enable_content_width":"","neve_meta_content_width":0,"neve_meta_title_alignment":"","neve_meta_author_avatar":"","neve_post_elements_order":"","neve_meta_disable_header":"","neve_meta_disable_footer":"","neve_meta_disable_title":"","_themeisle_gutenberg_block_has_review":false,"footnotes":""},"class_list":["post-38","page","type-page","status-publish","hentry"],"_links":{"self":[{"href":"https:\/\/dakadv.de\/index.php?rest_route=\/wp\/v2\/pages\/38","targetHints":{"allow":["GET"]}}],"collection":[{"href":"https:\/\/dakadv.de\/index.php?rest_route=\/wp\/v2\/pages"}],"about":[{"href":"https:\/\/dakadv.de\/index.php?rest_route=\/wp\/v2\/types\/page"}],"author":[{"embeddable":true,"href":"https:\/\/dakadv.de\/index.php?rest_route=\/wp\/v2\/users\/1"}],"replies":[{"embeddable":true,"href":"https:\/\/dakadv.de\/index.php?rest_route=%2Fwp%2Fv2%2Fcomments&post=38"}],"version-history":[{"count":5,"href":"https:\/\/dakadv.de\/index.php?rest_route=\/wp\/v2\/pages\/38\/revisions"}],"predecessor-version":[{"id":148,"href":"https:\/\/dakadv.de\/index.php?rest_route=\/wp\/v2\/pages\/38\/revisions\/148"}],"wp:attachment":[{"href":"https:\/\/dakadv.de\/index.php?rest_route=%2Fwp%2Fv2%2Fmedia&parent=38"}],"curies":[{"name":"wp","href":"https:\/\/api.w.org\/{rel}","templated":true}]}}