{"id":337,"date":"2022-05-19T12:32:36","date_gmt":"2022-05-19T11:32:36","guid":{"rendered":"https:\/\/dakadv.de\/?page_id=337"},"modified":"2022-05-19T15:15:03","modified_gmt":"2022-05-19T14:15:03","slug":"aufnahmeantrag","status":"publish","type":"page","link":"https:\/\/dakadv.de\/?page_id=337","title":{"rendered":"Aufnahmeantrag"},"content":{"rendered":"\n<h3 class=\"wp-block-heading\">Sie wollen beim Deutschen Akademikerverband Mitglied werden?<\/h3>\n\n\n\n<p>Vielen Dank f\u00fcr Ihr Interesse. Wir freuen uns Sie in unseren Reihen begr\u00fc\u00dfen zu d\u00fcrfen. Bitte f\u00fcllen Sie den untenstehenden Aufnahmeantrag vollst\u00e4ndig aus, und dr\u00fccken Sie dann auf &#8222;Senden&#8220; Wir werden uns umgehend mit Ihnen in Verbindung setzen.<\/p>\n\n\n\n<p>Der j\u00e4hrliche Mitgliedsbeitrag betr\u00e4gt derzeit 60,-\u20ac (sechzig Euro); f\u00fcr Anw\u00e4rter (Studenten) 12,-\u20ac (zw\u00f6lf Euro). Das Konto zur Entrichtung des Beitrages wird Ihnen nach Bearbeitung Ihres Antrags mitgeteilt<\/p>\n\n\n\n<div id=\"wp-block-themeisle-blocks-advanced-columns-dfbc1ced\" class=\"wp-block-themeisle-blocks-advanced-columns has-1-columns has-desktop-equal-layout has-tablet-equal-layout has-mobile-equal-layout has-vertical-unset\"><div class=\"wp-block-themeisle-blocks-advanced-columns-overlay\"><\/div><div class=\"innerblocks-wrap\">\n<div id=\"wp-block-themeisle-blocks-advanced-column-118ba654\" class=\"wp-block-themeisle-blocks-advanced-column\">\n<div class=\"wp-block-columns is-layout-flex wp-container-core-columns-is-layout-9d6595d7 wp-block-columns-is-layout-flex\">\n<div class=\"wp-block-column is-layout-flow wp-block-column-is-layout-flow\" style=\"flex-basis:100%\">\n<div class=\"wp-block-contact-form-7-contact-form-selector\">\n<div class=\"wpcf7 no-js\" id=\"wpcf7-f339-o1\" lang=\"de-DE\" dir=\"ltr\" data-wpcf7-id=\"339\">\n<div class=\"screen-reader-response\"><p role=\"status\" aria-live=\"polite\" aria-atomic=\"true\"><\/p> <ul><\/ul><\/div>\n<form action=\"\/index.php?rest_route=%2Fwp%2Fv2%2Fpages%2F337#wpcf7-f339-o1\" method=\"post\" class=\"wpcf7-form init\" aria-label=\"Kontaktformular\" novalidate=\"novalidate\" data-status=\"init\">\n<fieldset class=\"hidden-fields-container\"><input type=\"hidden\" name=\"_wpcf7\" value=\"339\" \/><input type=\"hidden\" name=\"_wpcf7_version\" value=\"6.1.5\" \/><input type=\"hidden\" name=\"_wpcf7_locale\" value=\"de_DE\" \/><input type=\"hidden\" name=\"_wpcf7_unit_tag\" value=\"wpcf7-f339-o1\" \/><input type=\"hidden\" name=\"_wpcf7_container_post\" value=\"0\" \/><input type=\"hidden\" name=\"_wpcf7_posted_data_hash\" value=\"\" \/><input type=\"hidden\" name=\"_wpcf7_recaptcha_response\" value=\"\" \/>\n<\/fieldset>\n<p><label> Name<br \/>\n<span class=\"wpcf7-form-control-wrap\" data-name=\"Titel\"><input size=\"40\" maxlength=\"400\" class=\"wpcf7-form-control wpcf7-text\" aria-invalid=\"false\" placeholder=\"Titel\/akad.Grad\" value=\"\" type=\"text\" name=\"Titel\" \/><\/span><\/label><span class=\"wpcf7-form-control-wrap\" data-name=\"Vorname\"><input size=\"40\" maxlength=\"400\" class=\"wpcf7-form-control wpcf7-text wpcf7-validates-as-required\" aria-required=\"true\" aria-invalid=\"false\" placeholder=\"Vorname\" value=\"\" type=\"text\" name=\"Vorname\" \/><\/span><span class=\"wpcf7-form-control-wrap\" data-name=\"Nachname\"><input size=\"40\" maxlength=\"400\" class=\"wpcf7-form-control wpcf7-text wpcf7-validates-as-required\" aria-required=\"true\" aria-invalid=\"false\" placeholder=\"Nachname\" value=\"\" type=\"text\" name=\"Nachname\" \/><\/span>\n<\/p>\n<p><label> Titel verliehen durch (Hochschule)<br \/>\n<span class=\"wpcf7-form-control-wrap\" data-name=\"Hochschule\"><input size=\"40\" maxlength=\"400\" class=\"wpcf7-form-control wpcf7-text wpcf7-validates-as-required\" aria-required=\"true\" aria-invalid=\"false\" placeholder=\"Hochschule\" value=\"\" type=\"text\" name=\"Hochschule\" \/><\/span> <\/label>\n<\/p>\n<p><label> H\u00f6chster Abschluss<br \/>\n<span class=\"wpcf7-form-control-wrap\" data-name=\"Abschluss\"><input size=\"40\" maxlength=\"400\" class=\"wpcf7-form-control wpcf7-text wpcf7-validates-as-required\" aria-required=\"true\" aria-invalid=\"false\" placeholder=\"Abschluss\" value=\"\" type=\"text\" name=\"Abschluss\" \/><\/span> <\/label><span class=\"wpcf7-form-control-wrap\" data-name=\"Fach\"><input size=\"40\" maxlength=\"400\" class=\"wpcf7-form-control wpcf7-text wpcf7-validates-as-required\" aria-required=\"true\" aria-invalid=\"false\" placeholder=\"Fach\" value=\"\" type=\"text\" name=\"Fach\" \/><\/span>\n<\/p>\n<p><label> Adresse<br \/>\n<span class=\"wpcf7-form-control-wrap\" data-name=\"Strasse\"><input size=\"40\" maxlength=\"400\" class=\"wpcf7-form-control wpcf7-text wpcf7-validates-as-required\" aria-required=\"true\" aria-invalid=\"false\" placeholder=\"Stra\u00dfe und Hausnummer\" value=\"\" type=\"text\" name=\"Strasse\" \/><\/span><\/label><span class=\"wpcf7-form-control-wrap\" data-name=\"Ort\"><input size=\"40\" maxlength=\"400\" class=\"wpcf7-form-control wpcf7-text wpcf7-validates-as-required\" aria-required=\"true\" aria-invalid=\"false\" placeholder=\"PLZ und Wohnort\" value=\"\" type=\"text\" name=\"Ort\" \/><\/span>\n<\/p>\n<p><label> Telefon<br \/>\n<span class=\"wpcf7-form-control-wrap\" data-name=\"Telefon\"><input size=\"40\" maxlength=\"400\" class=\"wpcf7-form-control wpcf7-tel wpcf7-validates-as-required wpcf7-text wpcf7-validates-as-tel\" aria-required=\"true\" aria-invalid=\"false\" placeholder=\"Telefon\" value=\"\" type=\"tel\" name=\"Telefon\" \/><\/span> <\/label>\n<\/p>\n<p><label> E-Mail<br \/>\n<span class=\"wpcf7-form-control-wrap\" data-name=\"your-email\"><input size=\"40\" maxlength=\"400\" class=\"wpcf7-form-control wpcf7-email wpcf7-validates-as-required wpcf7-text wpcf7-validates-as-email\" aria-required=\"true\" aria-invalid=\"false\" placeholder=\"E-Mail\" value=\"\" type=\"email\" name=\"your-email\" \/><\/span> <\/label>\n<\/p>\n<p><label> Ich geh\u00f6re bzw. geh\u00f6rte au\u00dferdem folgenden studentischen, akademischen bzw. politischen Organisationen und Parteien an (bitte mit Jahreszahl des Eintritts und Austritts, falls keine Mitgliedschaft, bitte \"Nein\" eingeben):<br \/>\n<span class=\"wpcf7-form-control-wrap\" data-name=\"Organisationen\"><textarea cols=\"40\" rows=\"10\" maxlength=\"2000\" class=\"wpcf7-form-control wpcf7-textarea wpcf7-validates-as-required\" aria-required=\"true\" aria-invalid=\"false\" name=\"Organisationen\"><\/textarea><\/span> <\/label>\n<\/p>\n<p><label> Ich beantrage eine Vollmitgliedschaft \/ Anwartschaft (Student)<br \/>\n<span class=\"wpcf7-form-control-wrap\" data-name=\"Vollmitglied\"><select class=\"wpcf7-form-control wpcf7-select wpcf7-validates-as-required\" aria-required=\"true\" aria-invalid=\"false\" name=\"Vollmitglied\"><option value=\"Vollmitgliedschaft\">Vollmitgliedschaft<\/option><option value=\"Anw\u00e4rter (Student)\">Anw\u00e4rter (Student)<\/option><\/select><\/span><\/label>\n<\/p>\n<p><span class=\"wpcf7-form-control-wrap\" data-name=\"acceptance-104\"><span class=\"wpcf7-form-control wpcf7-acceptance\"><span class=\"wpcf7-list-item\"><label><input type=\"checkbox\" name=\"acceptance-104\" value=\"1\" aria-invalid=\"false\" \/><span class=\"wpcf7-list-item-label\">Ich bekenne mich zu den Zielsetzungen und Werten in der <a href = \"https:\/\/dakadv.de\/?page_id=344\">Pr\u00e4ambel<\/a> der Satzung des deutschen Akademikerverbandes<\/span><\/label><\/span><\/span><\/span>\n<\/p>\n<p><span class=\"wpcf7-form-control-wrap\" data-name=\"acceptance-272\"><span class=\"wpcf7-form-control wpcf7-acceptance\"><span class=\"wpcf7-list-item\"><label><input type=\"checkbox\" name=\"acceptance-272\" value=\"1\" aria-invalid=\"false\" \/><span class=\"wpcf7-list-item-label\">Ich willige in die <a href=\"https:\/\/dakadv.de\/?page_id=342\">Datenschutzerkl\u00e4rung<\/a> ein<\/span><\/label><\/span><\/span><\/span>\n<\/p>\n<p><span class=\"wpcf7-form-control-wrap\" data-name=\"acceptance-487\"><span class=\"wpcf7-form-control wpcf7-acceptance\"><span class=\"wpcf7-list-item\"><label><input type=\"checkbox\" name=\"acceptance-487\" value=\"1\" aria-invalid=\"false\" \/><span class=\"wpcf7-list-item-label\">Ich willige ein, dass der Vorstand des DAV! meine E-Mail-Adresse und, soweit erhoben, auch meine Telefonnummer zum Zwecke der Kommunikation nutzt. Eine \u00dcbermittlung von E-Mail-Adresse und Telefonnummer wird nicht an Dritte vorgenommen.<\/span><\/label><\/span><\/span><\/span>\n<\/p>\n<p><label> Ihre Nachricht (optional)<br \/>\n<span class=\"wpcf7-form-control-wrap\" data-name=\"Nachricht\"><textarea cols=\"40\" rows=\"10\" maxlength=\"2000\" class=\"wpcf7-form-control wpcf7-textarea\" aria-invalid=\"false\" name=\"Nachricht\"><\/textarea><\/span> <\/label>\n<\/p>\n<p><input class=\"wpcf7-form-control wpcf7-submit has-spinner\" type=\"submit\" value=\"Senden\" \/>\n<\/p><p style=\"display: none !important;\" class=\"akismet-fields-container\" data-prefix=\"_wpcf7_ak_\"><label>&#916;<textarea name=\"_wpcf7_ak_hp_textarea\" cols=\"45\" rows=\"8\" maxlength=\"100\"><\/textarea><\/label><input type=\"hidden\" id=\"ak_js_1\" name=\"_wpcf7_ak_js\" value=\"57\"\/><script>\ndocument.getElementById( \"ak_js_1\" ).setAttribute( \"value\", ( new Date() ).getTime() );\n<\/script>\n<\/p><div class=\"wpcf7-response-output\" aria-hidden=\"true\"><\/div>\n<\/form>\n<\/div>\n<\/div>\n<\/div>\n<\/div>\n<\/div>\n<\/div><\/div>\n","protected":false},"excerpt":{"rendered":"<p>Sie wollen beim Deutschen Akademikerverband Mitglied werden? Vielen Dank f\u00fcr Ihr Interesse. Wir freuen uns Sie in unseren Reihen begr\u00fc\u00dfen zu d\u00fcrfen. Bitte f\u00fcllen Sie den untenstehenden Aufnahmeantrag vollst\u00e4ndig aus, und dr\u00fccken Sie dann auf &#8222;Senden&#8220; Wir werden uns umgehend mit Ihnen in Verbindung setzen. Der j\u00e4hrliche Mitgliedsbeitrag betr\u00e4gt derzeit 60,-\u20ac (sechzig Euro); f\u00fcr Anw\u00e4rter&hellip;&nbsp;<a href=\"https:\/\/dakadv.de\/?page_id=337\" rel=\"bookmark\">Weiterlesen &raquo;<span class=\"screen-reader-text\">Aufnahmeantrag<\/span><\/a><\/p>\n","protected":false},"author":1,"featured_media":0,"parent":0,"menu_order":0,"comment_status":"closed","ping_status":"closed","template":"","meta":{"neve_meta_sidebar":"full-width","neve_meta_container":"","neve_meta_enable_content_width":"on","neve_meta_content_width":100,"neve_meta_title_alignment":"","neve_meta_author_avatar":"","neve_post_elements_order":"","neve_meta_disable_header":"","neve_meta_disable_footer":"","neve_meta_disable_title":"","_themeisle_gutenberg_block_has_review":false,"footnotes":""},"class_list":["post-337","page","type-page","status-publish","hentry"],"_links":{"self":[{"href":"https:\/\/dakadv.de\/index.php?rest_route=\/wp\/v2\/pages\/337","targetHints":{"allow":["GET"]}}],"collection":[{"href":"https:\/\/dakadv.de\/index.php?rest_route=\/wp\/v2\/pages"}],"about":[{"href":"https:\/\/dakadv.de\/index.php?rest_route=\/wp\/v2\/types\/page"}],"author":[{"embeddable":true,"href":"https:\/\/dakadv.de\/index.php?rest_route=\/wp\/v2\/users\/1"}],"replies":[{"embeddable":true,"href":"https:\/\/dakadv.de\/index.php?rest_route=%2Fwp%2Fv2%2Fcomments&post=337"}],"version-history":[{"count":6,"href":"https:\/\/dakadv.de\/index.php?rest_route=\/wp\/v2\/pages\/337\/revisions"}],"predecessor-version":[{"id":351,"href":"https:\/\/dakadv.de\/index.php?rest_route=\/wp\/v2\/pages\/337\/revisions\/351"}],"wp:attachment":[{"href":"https:\/\/dakadv.de\/index.php?rest_route=%2Fwp%2Fv2%2Fmedia&parent=337"}],"curies":[{"name":"wp","href":"https:\/\/api.w.org\/{rel}","templated":true}]}}